{"id":13,"date":"2017-03-14T17:58:02","date_gmt":"2017-03-14T17:58:02","guid":{"rendered":"https:\/\/novarom.com.ar\/en\/?page_id=13"},"modified":"2024-08-20T16:13:38","modified_gmt":"2024-08-20T19:13:38","slug":"home","status":"publish","type":"page","link":"https:\/\/novarom.com.ar\/es\/","title":{"rendered":"Inicio"},"content":{"rendered":"<p>[vc_row][vc_column][\/vc_column][\/vc_row][vc_row king_class=\u00bbfeatured_section1&#8243;][vc_column el_class=\u00bbcenter\u00bb]<div class=\"clearfix margin_bottom5\"><\/div><h1 class=\"title22 animated eff-fadeIn delay-100ms\">Creamos sensaciones\n<em>\nSomos una empresa argentina con presencia internacional y m\u00e1s de 20 a\u00f1os de experiencia en la creaci\u00f3n, desarrollo y elaboraci\u00f3n de saborizantes para alimentos y bebidas.\n<\/em><\/h1>[vc_btn title=\u00bbDESCUBRE NOVAROM\u00bb style=\u00bbflat\u00bb color=\u00bbprimary\u00bb size=\u00bbsm\u00bb align=\u00bbcenter\u00bb link=\u00bburl:http%3A%2F%2Fnovarom.com.ar%2Fabout-us%2F||\u00bb]<div class=\"clearfix margin_bottom7\"><\/div>[\/vc_column][\/vc_row][vc_row king_class_container=\u00bbpuhtext invert\u00bb king_class=\u00bbfeatured_section8 animated eff-fadeIn delay-200ms bkg-ayudamos\u00bb][vc_column][vc_column_text css=\u00bb.vc_custom_1498054651612{padding-right: 50px !important;padding-left: 50px !important;}\u00bb]<\/p>\n<p style=\"text-align: center;\"><b>Ayudamos a nuestros clientes a satisfacer a los consumidores<\/b><\/p>\n<div class=\"vc_btn3-container vc_btn3-center\" style=\"text-align: center;\"><a class=\"vc_general vc_btn3 vc_btn3-size-sm vc_btn3-shape-rounded vc_btn3-style-flat vc_btn3-color-primary\" title=\"\" href=\"\/products\">PRODUCTOS<\/a><\/div>\n<p>[\/vc_column_text][\/vc_column][\/vc_row][vc_row king_class_container=\u00bbpuhtext invert right\u00bb king_class=\u00bbfeatured_section8 animated eff-fadeIn delay-200ms bkg-informes\u00bb][vc_column][vc_column_text css=\u00bb.vc_custom_1498054078588{padding-right: 50px !important;padding-left: 50px !important;}\u00bb]<\/p>\n<p style=\"text-align: center;\"><b>Accede a nuestros informes t\u00e9cnicos y comerciales<\/b><\/p>\n<div class=\"vc_btn3-container vc_btn3-center\" style=\"text-align: center;\"><a class=\"vc_general vc_btn3 vc_btn3-size-sm vc_btn3-shape-rounded vc_btn3-style-flat vc_btn3-color-primary\" title=\"\" href=\"\/news\">NOVEDADES<\/a><\/div>\n<p>[\/vc_column_text][\/vc_column][\/vc_row][vc_row king_class=\u00bbfeatured_section1&#8243; king_padding_top=\u00bb70px\u00bb king_padding_bottom=\u00bb70px\u00bb bg_image=\u00bb432&#8243;][vc_column el_class=\u00bbcenter\u00bb css=\u00bb.vc_custom_1493929218847{padding-top: 110px !important;padding-bottom: 90px !important;background-color: #ffffff !important;}\u00bb]<h1 class=\"title22 animated eff-fadeIn delay-100ms\">Investigaci\u00f3n y desarrollo son parte de nuestro ADN\n<em>\nInspirados por el fascinante mundo que nos rodea, buscamos permanentemente nuevos desaf\u00edos. Somos los socios que quieres tener de tu lado.\n<\/em><\/h1>[vc_btn title=\u00bbCONTACTO\u00bb style=\u00bbflat\u00bb color=\u00bbprimary\u00bb size=\u00bbsm\u00bb align=\u00bbcenter\u00bb link=\u00bburl:http%3A%2F%2Fnovarom.com.ar%2Fcontact%2F||\u00bb][\/vc_column][\/vc_row]<\/p>","protected":false},"excerpt":{"rendered":"<p>[vc_row][vc_column][\/vc_column][\/vc_row][vc_row king_class=\u00bbfeatured_section1&#8243;][vc_column el_class=\u00bbcenter\u00bb][vc_btn title=\u00bbDESCUBRE NOVAROM\u00bb style=\u00bbflat\u00bb color=\u00bbprimary\u00bb size=\u00bbsm\u00bb align=\u00bbcenter\u00bb link=\u00bburl:http%3A%2F%2Fnovarom.com.ar%2Fabout-us%2F||\u00bb][\/vc_column][\/vc_row][vc_row king_class_container=\u00bbpuhtext invert\u00bb king_class=\u00bbfeatured_section8 animated eff-fadeIn delay-200ms bkg-ayudamos\u00bb][vc_column][vc_column_text css=\u00bb.vc_custom_1498054651612{padding-right: 50px !important;padding-left: 50px !important;}\u00bb] Ayudamos a nuestros clientes a satisfacer a los consumidores PRODUCTOS [\/vc_column_text][\/vc_column][\/vc_row][vc_row king_class_container=\u00bbpuhtext invert right\u00bb king_class=\u00bbfeatured_section8 animated eff-fadeIn delay-200ms bkg-informes\u00bb][vc_column][vc_column_text css=\u00bb.vc_custom_1498054078588{padding-right: 50px !important;padding-left: 50px !important;}\u00bb] Accede a nuestros informes t\u00e9cnicos y comerciales NOVEDADES [\/vc_column_text][\/vc_column][\/vc_row][vc_row [&hellip;]<\/p>\n","protected":false},"author":5,"featured_media":0,"parent":0,"menu_order":0,"comment_status":"closed","ping_status":"closed","template":"templates\/full-width.php","meta":{"footnotes":""},"class_list":["post-13","page","type-page","status-publish","hentry"],"_links":{"self":[{"href":"https:\/\/novarom.com.ar\/es\/wp-json\/wp\/v2\/pages\/13","targetHints":{"allow":["GET"]}}],"collection":[{"href":"https:\/\/novarom.com.ar\/es\/wp-json\/wp\/v2\/pages"}],"about":[{"href":"https:\/\/novarom.com.ar\/es\/wp-json\/wp\/v2\/types\/page"}],"author":[{"embeddable":true,"href":"https:\/\/novarom.com.ar\/es\/wp-json\/wp\/v2\/users\/5"}],"replies":[{"embeddable":true,"href":"https:\/\/novarom.com.ar\/es\/wp-json\/wp\/v2\/comments?post=13"}],"version-history":[{"count":137,"href":"https:\/\/novarom.com.ar\/es\/wp-json\/wp\/v2\/pages\/13\/revisions"}],"predecessor-version":[{"id":996,"href":"https:\/\/novarom.com.ar\/es\/wp-json\/wp\/v2\/pages\/13\/revisions\/996"}],"wp:attachment":[{"href":"https:\/\/novarom.com.ar\/es\/wp-json\/wp\/v2\/media?parent=13"}],"curies":[{"name":"wp","href":"https:\/\/api.w.org\/{rel}","templated":true}]}}