{"id":17,"date":"2017-03-14T15:11:26","date_gmt":"2017-03-14T18:11:26","guid":{"rendered":"https:\/\/novarom.com.ar\/?page_id=17"},"modified":"2021-08-27T13:16:29","modified_gmt":"2021-08-27T16:16:29","slug":"about-us","status":"publish","type":"page","link":"https:\/\/novarom.com.ar\/es\/about-us\/","title":{"rendered":"Institucional"},"content":{"rendered":"<p>[vc_row king_class=\u00bbfeatured_section64&#8243; king_id=\u00bbcontact-tabs\u00bb][vc_column el_animate=\u00bbanimated eff-fadeIn\u00bb el_delay=\u00bb200&#8243;][vc_tabs interval=\u00bb0&#8243; type=\u00bbdetached\u00bb el_class=\u00bbdetached2&#8243;][vc_tab title=\u00bbQUIENES SOMOS\u00bb tab_id=\u00bbdef1493215369-1-92&#8243;][vc_row_inner][vc_column_inner width=\u00bb1\/2&#8243; css=\u00bb.vc_custom_1493227368074{padding-right: 30px !important;padding-bottom: 30px !important;}\u00bb][vc_single_image image=\u00bb826&#8243; img_size=\u00bbfull\u00bb][\/vc_column_inner][vc_column_inner width=\u00bb1\/2&#8243;][vc_column_text]Somos una empresa innovadora, flexible y en constante evoluci\u00f3n dedicada a la creaci\u00f3n de sabores para alimentos y bebidas.<\/p>\n<p>Estamos ubicados en Buenos Aires, Argentina, y llegamos a pa\u00edses de Am\u00e9rica, Europa y Asia.<\/p>\n<p>Contamos con un equipo de personal capacitado, con amplia experiencia en la industria de sabores de alimentos y bebidas, que demuestra su compromiso d\u00eda\u00a0a d\u00eda co-creando productos que las personas aman.<\/p>\n<p>Tenemos una moderna planta de elaboraci\u00f3n, \u00e1reas de fabricaci\u00f3n separadas por l\u00edneas de producto, laboratorios de aplicaci\u00f3n, desarrollo y control de calidad\u00a0con tecnolog\u00eda de avanzada, que junto con una segura pol\u00edtica de stocks nos facilitan cumplir nuestros compromisos de desarrollo y suministro en forma r\u00e1pida\u00a0y segura.<\/p>\n<p>Brindamos una respuesta \u00e1gil y creativa a los requerimientos de nuestros clientes siendo una excelente elecci\u00f3n a la hora de definir un socio estrat\u00e9gico.[\/vc_column_text][vc_btn title=\u00bbContacto\u00bb style=\u00bbflat\u00bb color=\u00bbprimary\u00bb link=\u00bburl:http%3A%2F%2Fnovarom.com.ar%2Fcontact%2F||\u00bb css=\u00bb.vc_custom_1494271184980{margin-top: 30px !important;}\u00bb el_class=\u00bbvc_btn3-color-primary\u00bb][\/vc_column_inner][\/vc_row_inner][\/vc_tab][vc_tab title=\u00bbQU\u00c9 HACEMOS\u00bb tab_id=\u00bb1493227854550-3-8&#8243;][vc_row_inner][vc_column_inner width=\u00bb1\/2&#8243; css=\u00bb.vc_custom_1493227368074{padding-right: 30px !important;padding-bottom: 30px !important;}\u00bb][vc_single_image image=\u00bb785&#8243; img_size=\u00bbfull\u00bb][\/vc_column_inner][vc_column_inner width=\u00bb1\/2&#8243;][vc_column_text]Nos especializamos en la investigaci\u00f3n, desarrollo, producci\u00f3n y comercializaci\u00f3n de aditivos alimentarios, saborizantes, colorantes y antioxidantes para alimentos y bebidas.<\/p>\n<p>Buscamos permanentemente nuevas propuestas para los diversos mercados en los que nos desempe\u00f1amos.<\/p>\n<p>Mantenemos un servicio de excelencia en la atenci\u00f3n a nuestros clientes, buscando superar sus requerimientos y expectativas.<\/p>\n<p>Nuestra concepci\u00f3n de calidad se aplica desde la atenci\u00f3n al cliente, hasta la seguridad e inocuidad de los productos que ofrecemos.<\/p>\n<p>Ofrecemos productos dirigidos a mejorar las caracter\u00edsticas sensoriales de los alimentos, su aplicaci\u00f3n y utilizaci\u00f3n est\u00e1n controladas y reglamentadas por las autoridades sanitarias de cada pa\u00eds. En nuestro caso, se enmarcan en los requerimientos del C\u00f3digo Alimentario Argentino y a la Reglamentaci\u00f3n Alimentaria del Mercosur y son aceptados en la mayor\u00eda de los pa\u00edses. Nuestros saborizantes son para uso \u00fanicamente industrial, supervisados profesionalmente, no aptos para consumo directo o preparaciones hogare\u00f1as. Ofrecemos el asesoramiento indicado para verificar los aspectos t\u00e9cnicos de cada aplicaci\u00f3n.[\/vc_column_text][vc_btn title=\u00bbVer cat\u00e1logo de productos\u00bb style=\u00bbflat\u00bb color=\u00bbprimary\u00bb link=\u00bburl:http%3A%2F%2Fnovarom.com.ar%2Fproducts%2F||\u00bb css=\u00bb.vc_custom_1493925904364{margin-top: 30px !important;}\u00bb el_class=\u00bbvc_btn3-color-primary\u00bb][\/vc_column_inner][\/vc_row_inner][\/vc_tab][vc_tab title=\u00bbCULTURA\u00bb tab_id=\u00bb1493227996258-3-3&#8243;][vc_row_inner][vc_column_inner width=\u00bb1\/2&#8243; css=\u00bb.vc_custom_1493227368074{padding-right: 30px !important;padding-bottom: 30px !important;}\u00bb][vc_single_image image=\u00bb829&#8243; img_size=\u00bbfull\u00bb][\/vc_column_inner][vc_column_inner width=\u00bb1\/2&#8243;][vc_column_text]La capacidad de innovaci\u00f3n\u00a0sumada a los valores de liderazgo, trabajo en equipo y compromiso son considerados el pilar de nuestro crecimiento como empresa.<\/p>\n<p>Trabajamos en el marco de la mejora continua capacitando constantemente a nuestro equipo bajo la premisa de que la optimizaci\u00f3n de los servicios y el involucramiento con los intereses del cliente lleva a la creaci\u00f3n de valor en beneficio de todos: nuestra empresa, empleados, clientes y consumidores.<\/p>\n<p>Somos conscientes del impacto que genera la actividad humana en el medio ambiente, por ello trabajamos respetando las normas y controlando todos nuestros efluentes.[\/vc_column_text][vc_btn title=\u00bbNovedades\u00bb style=\u00bbflat\u00bb color=\u00bbprimary\u00bb link=\u00bburl:http%3A%2F%2Fnovarom.com.ar%2Fnews%2F||\u00bb css=\u00bb.vc_custom_1493925893174{margin-top: 30px !important;}\u00bb][\/vc_column_inner][\/vc_row_inner][\/vc_tab][\/vc_tabs][\/vc_column][\/vc_row]<\/p>","protected":false},"excerpt":{"rendered":"<p>[vc_row king_class=\u00bbfeatured_section64&#8243; king_id=\u00bbcontact-tabs\u00bb][vc_column el_animate=\u00bbanimated eff-fadeIn\u00bb el_delay=\u00bb200&#8243;][vc_tabs interval=\u00bb0&#8243; type=\u00bbdetached\u00bb el_class=\u00bbdetached2&#8243;][vc_tab title=\u00bbQUIENES SOMOS\u00bb tab_id=\u00bbdef1493215369-1-92&#8243;][vc_row_inner][vc_column_inner width=\u00bb1\/2&#8243; css=\u00bb.vc_custom_1493227368074{padding-right: 30px !important;padding-bottom: 30px !important;}\u00bb][vc_single_image image=\u00bb826&#8243; img_size=\u00bbfull\u00bb][\/vc_column_inner][vc_column_inner width=\u00bb1\/2&#8243;][vc_column_text]Somos una empresa innovadora, flexible y en constante evoluci\u00f3n dedicada a la creaci\u00f3n de sabores para alimentos y bebidas. Estamos ubicados en Buenos Aires, Argentina, y llegamos a pa\u00edses de Am\u00e9rica, Europa y Asia. Contamos [&hellip;]<\/p>\n","protected":false},"author":2,"featured_media":0,"parent":0,"menu_order":0,"comment_status":"closed","ping_status":"closed","template":"templates\/full-width.php","meta":{"footnotes":""},"class_list":["post-17","page","type-page","status-publish","hentry"],"_links":{"self":[{"href":"https:\/\/novarom.com.ar\/es\/wp-json\/wp\/v2\/pages\/17","targetHints":{"allow":["GET"]}}],"collection":[{"href":"https:\/\/novarom.com.ar\/es\/wp-json\/wp\/v2\/pages"}],"about":[{"href":"https:\/\/novarom.com.ar\/es\/wp-json\/wp\/v2\/types\/page"}],"author":[{"embeddable":true,"href":"https:\/\/novarom.com.ar\/es\/wp-json\/wp\/v2\/users\/2"}],"replies":[{"embeddable":true,"href":"https:\/\/novarom.com.ar\/es\/wp-json\/wp\/v2\/comments?post=17"}],"version-history":[{"count":101,"href":"https:\/\/novarom.com.ar\/es\/wp-json\/wp\/v2\/pages\/17\/revisions"}],"predecessor-version":[{"id":990,"href":"https:\/\/novarom.com.ar\/es\/wp-json\/wp\/v2\/pages\/17\/revisions\/990"}],"wp:attachment":[{"href":"https:\/\/novarom.com.ar\/es\/wp-json\/wp\/v2\/media?parent=17"}],"curies":[{"name":"wp","href":"https:\/\/api.w.org\/{rel}","templated":true}]}}