{"id":24,"date":"2017-03-14T15:45:44","date_gmt":"2017-03-14T18:45:44","guid":{"rendered":"https:\/\/novarom.com.ar\/?page_id=24"},"modified":"2017-09-12T12:37:55","modified_gmt":"2017-09-12T15:37:55","slug":"contact","status":"publish","type":"page","link":"https:\/\/novarom.com.ar\/es\/contact\/","title":{"rendered":"Contacto"},"content":{"rendered":"<p>[vc_row][vc_column]<div class=\"clearfix margin_bottom4\"><\/div>[\/vc_column][\/vc_row][vc_row][vc_column width=\u00bb1\/2&#8243; el_class=\u00bbone_half\u00bb][vc_column_text]<\/p>\n<h4><strong>Recibe asesoramiento<\/strong><\/h4>\n<p>Por favor completa el formulario de abajo y describe los productos que deseas saborizar o los saborizantes o aditivos acerca de los que requieres informaci\u00f3n.<br \/>\nSi solicitas muestras, no olvides indicar la aplicaci\u00f3n para la que se utilizar\u00e1n. Cuanto m\u00e1s precisa sea la descripci\u00f3n de tu producto, m\u00e1s ajustado va a ser el ofrecimiento de sabores que realice nuestro laboratorio.[\/vc_column_text]<div class=\"clearfix margin_bottom2\"><\/div><div class=\"clearfix margin_bottom4\"><\/div>\n<div class=\"wpcf7 no-js\" id=\"wpcf7-f70-o1\" lang=\"en-US\" dir=\"ltr\" data-wpcf7-id=\"70\">\n<div class=\"screen-reader-response\"><p role=\"status\" aria-live=\"polite\" aria-atomic=\"true\"><\/p> <ul><\/ul><\/div>\n<form action=\"\/es\/wp-json\/wp\/v2\/pages\/24#wpcf7-f70-o1\" method=\"post\" class=\"wpcf7-form init\" aria-label=\"Contact form\" novalidate=\"novalidate\" data-status=\"init\">\n<fieldset class=\"hidden-fields-container\"><input type=\"hidden\" name=\"_wpcf7\" value=\"70\" \/><input type=\"hidden\" name=\"_wpcf7_version\" value=\"6.1.5\" \/><input type=\"hidden\" name=\"_wpcf7_locale\" value=\"en_US\" \/><input type=\"hidden\" name=\"_wpcf7_unit_tag\" value=\"wpcf7-f70-o1\" \/><input type=\"hidden\" name=\"_wpcf7_container_post\" value=\"0\" \/><input type=\"hidden\" name=\"_wpcf7_posted_data_hash\" value=\"\" \/>\n<\/fieldset>\n<div class=\"cforms\">\n\t<p><label class=\"label\">Nombre y Apellido <em>*<\/em><\/label><br \/>\n<span class=\"wpcf7-form-control-wrap\" data-name=\"your-name\"><input size=\"40\" maxlength=\"400\" class=\"wpcf7-form-control wpcf7-text wpcf7-validates-as-required\" aria-required=\"true\" aria-invalid=\"false\" value=\"\" type=\"text\" name=\"your-name\" \/><\/span>\n\t<\/p>\n\t<div class=\"clearfix\">\n\t<\/div>\n\t<p><label class=\"label\">Empresa <em>*<\/em><\/label><br \/>\n<span class=\"wpcf7-form-control-wrap\" data-name=\"your-company\"><input size=\"40\" maxlength=\"400\" class=\"wpcf7-form-control wpcf7-text wpcf7-validates-as-required\" aria-required=\"true\" aria-invalid=\"false\" value=\"\" type=\"text\" name=\"your-company\" \/><\/span>\n\t<\/p>\n\t<div class=\"clearfix\">\n\t<\/div>\n\t<p><label class=\"label\">Tel\u00e9fono <em>*<\/em><\/label><br \/>\n<span class=\"wpcf7-form-control-wrap\" data-name=\"your-phone\"><input size=\"40\" maxlength=\"400\" class=\"wpcf7-form-control wpcf7-text wpcf7-validates-as-required\" aria-required=\"true\" aria-invalid=\"false\" value=\"\" type=\"text\" name=\"your-phone\" \/><\/span>\n\t<\/p>\n\t<p><label class=\"label\">E-mail <em>*<\/em><\/label><br \/>\n<span class=\"wpcf7-form-control-wrap\" data-name=\"your-email\"><input size=\"40\" maxlength=\"400\" class=\"wpcf7-form-control wpcf7-email wpcf7-validates-as-required wpcf7-text wpcf7-validates-as-email\" aria-required=\"true\" aria-invalid=\"false\" value=\"\" type=\"email\" name=\"your-email\" \/><\/span>\n\t<\/p>\n\t<div class=\"clearfix\">\n\t<\/div>\n\t<p><label class=\"label\">Mensaje <em>*<\/em><\/label><br \/>\n<span class=\"wpcf7-form-control-wrap\" data-name=\"your-message\"><textarea cols=\"40\" rows=\"5\" maxlength=\"2000\" class=\"wpcf7-form-control wpcf7-textarea\" aria-invalid=\"false\" name=\"your-message\"><\/textarea><\/span>\n\t<\/p>\n\t<div class=\"clearfix\">\n\t<\/div>\n\t<p><label class=\"label\">Por favor ingrese el texto mostrado en la imagen debajo:<\/label><br \/>\n<input type=\"hidden\" name=\"_wpcf7_captcha_challenge_your-captcha\" value=\"549314531\" \/><img loading=\"lazy\" decoding=\"async\" class=\"wpcf7-form-control wpcf7-captchac wpcf7-captcha-your-captcha\" width=\"84\" height=\"28\" alt=\"captcha\" src=\"https:\/\/novarom.com.ar\/wp-content\/uploads\/wpcf7_captcha\/549314531.png\" \/><br \/>\n<span class=\"wpcf7-form-control-wrap\" data-name=\"your-captcha\"><input size=\"40\" maxlength=\"100\" class=\"wpcf7-form-control wpcf7-captchar\" autocomplete=\"off\" aria-invalid=\"false\" value=\"\" type=\"text\" name=\"your-captcha\" \/><\/span>\n\t<\/p>\n\t<div class=\"clearfix\">\n\t<\/div>\n\t<p><input class=\"wpcf7-form-control wpcf7-submit has-spinner button vc_general vc_btn3 vc_btn3-size-sm vc_btn3-shape-rounded vc_btn3-style-flat vc_btn3-color-primary\" type=\"submit\" value=\"Enviar\" \/>\n\t<\/p>\n<\/div><div class=\"wpcf7-response-output\" aria-hidden=\"true\"><\/div>\n<\/form>\n<\/div>\n[\/vc_column][vc_column width=\u00bb1\/2&#8243; el_class=\u00bbone_half last\u00bb][vc_column_text]<\/p>\n<h4><strong>Nuestra direcci\u00f3n<\/strong><\/h4>\n<p><strong>Novarom S.R.L.<\/strong><br \/>\nPasaje 103 (Lacroze) N\u00ba 842, San Mart\u00edn. B1650GBP. Buenos Aires, Argentina.<br \/>\nTel\u00e9fono: (+54 11) 4713-0855<br \/>\nFax: (+54 11) 4713-0854<\/p>\n<p>E-mail: <a href=\"mailto:sabores@novarom.com.ar\">sabores@novarom.com.ar<\/a><\/p>\n<p><strong>Estamos ubicados de forma estrat\u00e9gica en la Provincia de Buenos Aires, tanto para la distribuci\u00f3n local como nacional e internacional por la cercan\u00eda al puerto y al aeropuerto.<\/strong>[\/vc_column_text]<div class=\"clearfix margin_bottom6\"><\/div><h4><strong>Encu\u00e9ntranos en el mapa<\/strong><\/h4>[vc_gmaps link=\u00bb#E-8_JTNDaWZyYW1lJTIwc3JjJTNEJTIyaHR0cHMlM0ElMkYlMkZ3d3cuZ29vZ2xlLmNvbSUyRm1hcHMlMkZlbWJlZCUzRnBiJTNEJTIxMW0xOCUyMTFtMTIlMjExbTMlMjExZDEzMTM4LjIyMzM1NjcyNzIzNCUyMTJkLTU4LjU0MDM1NTAzMjMxMTE4JTIxM2QtMzQuNTkwMTAzNTgwNDYyOTglMjEybTMlMjExZjAlMjEyZjAlMjEzZjAlMjEzbTIlMjExaTEwMjQlMjEyaTc2OCUyMTRmMTMuMSUyMTNtMyUyMTFtMiUyMTFzMHg5NWJjYjdhMmFiYmM2MjI1JTI1M0EweGRiNmY1ZmUzZmE5NzRhNWQlMjEyc05vdmFyb20lMkJTLlIuTC4lMjE1ZTAlMjEzbTIlMjExc2VuJTIxMnNhciUyMTR2MTUwNTIzMDU5MjM2MiUyMiUyMGZyYW1lYm9yZGVyJTNEJTIyMCUyMiUyMHN0eWxlJTNEJTIyYm9yZGVyJTNBMCUyMiUyMG1hcmdpbndpZHRoJTNEJTIyMCUyMiUyMG1hcmdpbmhlaWdodCUzRCUyMjAlMjIlMjBzY3JvbGxpbmclM0QlMjJubyUyMiUyMGNsYXNzJTNEJTIyZ29vZ2xlLW1hcCUyMiUzRSUzQyUyRmlmcmFtZSUzRQ==\u00bb][\/vc_column][\/vc_row][vc_row][vc_column]<div class=\"clearfix margin_bottom7\"><\/div>[\/vc_column][\/vc_row]<\/p>","protected":false},"excerpt":{"rendered":"<p>[vc_row][vc_column][\/vc_column][\/vc_row][vc_row][vc_column width=\u00bb1\/2&#8243; el_class=\u00bbone_half\u00bb][vc_column_text] Recibe asesoramiento Por favor completa el formulario de abajo y describe los productos que deseas saborizar o los saborizantes o aditivos acerca de los que requieres informaci\u00f3n. Si solicitas muestras, no olvides indicar la aplicaci\u00f3n para la que se utilizar\u00e1n. Cuanto m\u00e1s precisa sea la descripci\u00f3n de tu producto, m\u00e1s ajustado va [&hellip;]<\/p>\n","protected":false},"author":2,"featured_media":0,"parent":0,"menu_order":0,"comment_status":"closed","ping_status":"closed","template":"templates\/full-width.php","meta":{"footnotes":""},"class_list":["post-24","page","type-page","status-publish","hentry"],"_links":{"self":[{"href":"https:\/\/novarom.com.ar\/es\/wp-json\/wp\/v2\/pages\/24","targetHints":{"allow":["GET"]}}],"collection":[{"href":"https:\/\/novarom.com.ar\/es\/wp-json\/wp\/v2\/pages"}],"about":[{"href":"https:\/\/novarom.com.ar\/es\/wp-json\/wp\/v2\/types\/page"}],"author":[{"embeddable":true,"href":"https:\/\/novarom.com.ar\/es\/wp-json\/wp\/v2\/users\/2"}],"replies":[{"embeddable":true,"href":"https:\/\/novarom.com.ar\/es\/wp-json\/wp\/v2\/comments?post=24"}],"version-history":[{"count":33,"href":"https:\/\/novarom.com.ar\/es\/wp-json\/wp\/v2\/pages\/24\/revisions"}],"predecessor-version":[{"id":954,"href":"https:\/\/novarom.com.ar\/es\/wp-json\/wp\/v2\/pages\/24\/revisions\/954"}],"wp:attachment":[{"href":"https:\/\/novarom.com.ar\/es\/wp-json\/wp\/v2\/media?parent=24"}],"curies":[{"name":"wp","href":"https:\/\/api.w.org\/{rel}","templated":true}]}}