{"id":361,"date":"2017-04-27T12:12:41","date_gmt":"2017-04-27T15:12:41","guid":{"rendered":"https:\/\/novarom.com.ar\/?page_id=361"},"modified":"2017-09-12T12:59:10","modified_gmt":"2017-09-12T15:59:10","slug":"drinks","status":"publish","type":"page","link":"https:\/\/novarom.com.ar\/es\/products\/drinks\/","title":{"rendered":"Bebidas"},"content":{"rendered":"<p>[vc_row king_id=\u00bbproduct-child\u00bb][vc_column]<div class=\"clearfix margin_top7\"><\/div>[\/vc_column][\/vc_row][vc_row][vc_column width=\u00bb1\/2&#8243;]<h2 class=\"title21 title-products\">Bebidas<\/h2>[vc_column_text]<\/p>\n<p class=\"p1\"><span class=\"s1\">El consumidor desea mucho m\u00e1s que aplacar su sed al ingerir una bebida: Busca sensaciones placenteras, est\u00edmulos, contacto con la naturaleza, percepciones impactantes y sutiles que satisfagan sus deseos, muchas veces busca tambi\u00e9n identificarse con un estilo de vida.<\/span><\/p>\n<p class=\"p1\"><span class=\"s1\">En Novarom tenemos en cuenta todos esos aspectos investigando continuamente las tendencias del mercado y el comportamiento de los consumidores para estar siempre un paso adelante creando los sabores del futuro, nos involucramos con nuestros clientes para suministrar los sabores y desarrollar las bebidas que cada p\u00fablico prefiere en \u00e1reas como:<\/span><\/p>\n<p class=\"p1\"><span class=\"s1\">\u00b7 Bebidas sin alcohol, carbonatadas, jugos naturales, aguas saborizadas.<\/span><\/p>\n<p class=\"p1\"><span class=\"s1\">\u00b7 Productos isot\u00f3nicos para deportistas, bebidas energizantes, productos que cubren necesidades nutricionales espec\u00edficas.<\/span><\/p>\n<p class=\"p1\"><span class=\"s1\">\u00b7 Saborizaci\u00f3n de infusiones como caf\u00e9, t\u00e9 y yerbas.<\/span><\/p>\n<p class=\"p1\"><span class=\"s1\">\u00b7 Bebidas l\u00e1cteas, saborizadas, chocolatadas y frutales.<\/span><\/p>\n<p class=\"p1\"><span class=\"s1\">\u00b7 Emulsiones, extractos solubles, enturbiantes neutros son las principales formas de los productos para esta aplicaci\u00f3n.<\/span><\/p>\n<p class=\"p1\"><span class=\"s1\">. Extractos naturales para amargos, fernet y vermouth.<\/span><\/p>\n<p class=\"p1\"><span class=\"s1\">\u00b7 Sabores naturales para vinos.<\/span><\/p>\n<p class=\"p1\"><span class=\"s1\">\u00b7 Sabores frutales para bebidas de bajo contenido de alcohol y bases para bebidas l\u00e1cteas alcoh\u00f3licas.<\/span><\/p>\n<p class=\"p1\"><span class=\"s1\">\u00b7 Sabores c\u00edtricos: naranja, lim\u00f3n, pomelo, lima lim\u00f3n, cola, manzana y otros. Frutales, ex\u00f3ticos, tropicales y combinaciones son los m\u00e1s buscados.<\/span><\/p>\n<p class=\"p1\"><span class=\"s1\">\u00b7 Tonificadores y mejoradores para bebidas alcoh\u00f3licas destiladas.<\/span><\/p>\n<p>[\/vc_column_text][\/vc_column][vc_column width=\u00bb1\/2&#8243;][vc_single_image image=\u00bb723&#8243; img_size=\u00bbfull\u00bb alignment=\u00bbright\u00bb el_class=\u00bbimagen-productos\u00bb css=\u00bb.vc_custom_1497380398942{padding-left: 80px !important;}\u00bb][\/vc_column][\/vc_row][vc_row king_class=\u00bbfeatured_section11 animated eff-fadeIn delay-200ms noticias-relacionadas\u00bb][vc_column]<div class=\"clearfix margin_top12\"><\/div><h4 class=\"title21\">Noticias relacionadas<\/h4>\t\t\r\n\t\t\t<div class=\"one_third  animated eff-fadeInUp delay-100ms\">\r\n\t\t\t\t<a class=\"king-post-thumbnail\" href=\"https:\/\/novarom.com.ar\/es\/2017\/04\/17\/el-trabajo-en-conjunto-con-el-cliente\/\">\r\n\t\t\t\t<img decoding=\"async\" src=\"https:\/\/novarom.com.ar\/wp-content\/uploads\/2017\/06\/1d-359x220.jpg\" alt=\"\" class=\"rimg\" \/>\t\t\t\t<\/a>\r\n\t\t        <span class=\"bdate\"><a href=\"https:\/\/novarom.com.ar\/es\/2017\/04\/17\/el-trabajo-en-conjunto-con-el-cliente\/\">abr <strong>17<\/strong> 2017<\/a><\/span>\r\n\t\t\t    <h4 title=\"El trabajo en conjunto con el cliente\">\r\n\t\t\t    \t<a href=\"https:\/\/novarom.com.ar\/es\/2017\/04\/17\/el-trabajo-en-conjunto-con-el-cliente\/\">\r\n\t\t\t    \t\tEl trabajo en&hellip;\t\t\t    \t<\/a> \t\r\n\t\t\t    <\/h4>\r\n\t\t\t\t<p>El camino para lograr alimentos y bebidas preferidos por los consumidores. El&hellip;<\/p>\r\n\t    \t\t<a href=\"https:\/\/novarom.com.ar\/es\/2017\/04\/17\/el-trabajo-en-conjunto-con-el-cliente\/\" class=\"button two\">\r\n\r\n\t    \t\t\tVer m\u00e1s\t    \t\t\t\t    \t\t<\/a>\r\n\t\t        \r\n\t\t    <\/div>\r\n\t\t<div class=\"clearfix margin_top6\"><\/div>[\/vc_column][\/vc_row][vc_row][vc_column][vc_wp_custommenu title=\u00bbOtras aplicaciones:\u00bb nav_menu=\u00bb5&#8243; el_class=\u00bbotras_aplicaciones_menu\u00bb][\/vc_column][\/vc_row]<\/p>","protected":false},"excerpt":{"rendered":"<p>[vc_row king_id=\u00bbproduct-child\u00bb][vc_column][\/vc_column][\/vc_row][vc_row][vc_column width=\u00bb1\/2&#8243;][vc_column_text] El consumidor desea mucho m\u00e1s que aplacar su sed al ingerir una bebida: Busca sensaciones placenteras, est\u00edmulos, contacto con la naturaleza, percepciones impactantes y sutiles que satisfagan sus deseos, muchas veces busca tambi\u00e9n identificarse con un estilo de vida. En Novarom tenemos en cuenta todos esos aspectos investigando continuamente las tendencias del [&hellip;]<\/p>\n","protected":false},"author":2,"featured_media":0,"parent":20,"menu_order":0,"comment_status":"closed","ping_status":"closed","template":"","meta":{"footnotes":""},"class_list":["post-361","page","type-page","status-publish","hentry"],"_links":{"self":[{"href":"https:\/\/novarom.com.ar\/es\/wp-json\/wp\/v2\/pages\/361","targetHints":{"allow":["GET"]}}],"collection":[{"href":"https:\/\/novarom.com.ar\/es\/wp-json\/wp\/v2\/pages"}],"about":[{"href":"https:\/\/novarom.com.ar\/es\/wp-json\/wp\/v2\/types\/page"}],"author":[{"embeddable":true,"href":"https:\/\/novarom.com.ar\/es\/wp-json\/wp\/v2\/users\/2"}],"replies":[{"embeddable":true,"href":"https:\/\/novarom.com.ar\/es\/wp-json\/wp\/v2\/comments?post=361"}],"version-history":[{"count":42,"href":"https:\/\/novarom.com.ar\/es\/wp-json\/wp\/v2\/pages\/361\/revisions"}],"predecessor-version":[{"id":955,"href":"https:\/\/novarom.com.ar\/es\/wp-json\/wp\/v2\/pages\/361\/revisions\/955"}],"up":[{"embeddable":true,"href":"https:\/\/novarom.com.ar\/es\/wp-json\/wp\/v2\/pages\/20"}],"wp:attachment":[{"href":"https:\/\/novarom.com.ar\/es\/wp-json\/wp\/v2\/media?parent=361"}],"curies":[{"name":"wp","href":"https:\/\/api.w.org\/{rel}","templated":true}]}}