{"id":518,"date":"2017-05-29T13:51:06","date_gmt":"2017-05-29T16:51:06","guid":{"rendered":"https:\/\/novarom.com.ar\/?page_id=518"},"modified":"2017-06-21T15:28:42","modified_gmt":"2017-06-21T18:28:42","slug":"sweets","status":"publish","type":"page","link":"https:\/\/novarom.com.ar\/es\/products\/sweets\/","title":{"rendered":"Dulces"},"content":{"rendered":"<p>[vc_row king_id=\u00bbproduct-child\u00bb][vc_column]<div class=\"clearfix margin_top7\"><\/div>[\/vc_column][\/vc_row][vc_row][vc_column width=\u00bb1\/2&#8243;]<h2 class=\"title21 title-products\">Dulces<\/h2>[vc_column_text]<\/p>\n<p class=\"p1\"><span class=\"s1\">El sabor de las golosinas es su raz\u00f3n de ser, ofrecemos los saborizantes para diferenciar estos productos y permitir ofrecer productos de elite para satisfacer a los usuarios de todas las edades<\/span><\/p>\n<p class=\"p1\"><span class=\"s1\"><b>Los recomendamos para:<\/b><\/span><\/p>\n<p class=\"p1\"><span class=\"s1\">\u00b7 Chocolates<\/span><\/p>\n<p class=\"p1\"><span class=\"s1\">\u00b7 Rellenos grasos o frutales, fondants<\/span><\/p>\n<p class=\"p1\"><span class=\"s1\">\u00b7 Ba\u00f1os de reposter\u00eda<\/span><\/p>\n<p class=\"p1\"><span class=\"s1\">\u00b7 Caramelos duros y blandos, toffees<\/span><\/p>\n<p class=\"p1\"><span class=\"s1\">\u00b7 Caramelos de gelatina o gomas<\/span><\/p>\n<p class=\"p1\"><span class=\"s1\">\u00b7 Goma de mascar, chicle globo<\/span><\/p>\n<p class=\"p1\"><span class=\"s1\">\u00b7Jaleas, mermeladas, jarabes<\/span><\/p>\n<p class=\"p1\"><span class=\"s1\">Preparados en polvo:<\/span><\/p>\n<p class=\"p1\"><span class=\"s1\">Postres de gelatina, helados, postres l\u00e1cteos, flanes y bebidas para preparar con agua o leche son algunos de los productos que cada vez se hacen m\u00e1s populares por su facilidad de preparaci\u00f3n, transporte y almacenado y por ser un medio econ\u00f3mico que brinda placer en pocos minutos.<\/span><\/p>\n<p class=\"p1\"><span class=\"s1\">Novedades, combinaciones, sabores naturales son necesarios para mejorar la calidad de estos productos y mantener la atenci\u00f3n y preferencia de los consumidores.<\/span><\/p>\n<p class=\"p1\"><span class=\"s1\">Novarom ofrece para estos productos sabores en polvo, encapsulados, de alta estabilidad y r\u00e1pida disoluci\u00f3n que conservan las notas vol\u00e1tiles y transmiten reales sensaciones naturales.<\/span><\/p>\n<p>[\/vc_column_text][\/vc_column][vc_column width=\u00bb1\/2&#8243;][vc_single_image image=\u00bb691&#8243; img_size=\u00bbfull\u00bb alignment=\u00bbright\u00bb el_class=\u00bbimagen-productos\u00bb css=\u00bb.vc_custom_1497279961460{padding-left: 80px !important;}\u00bb][\/vc_column][\/vc_row][vc_row king_class=\u00bbfeatured_section11 animated eff-fadeIn delay-200ms noticias-relacionadas\u00bb][vc_column]<div class=\"clearfix margin_top12\"><\/div><h4 class=\"title21\">Noticias relacionadas<\/h4><h4>Publicaciones no encontradas<\/h4><div class=\"clearfix margin_top6\"><\/div>[\/vc_column][\/vc_row][vc_row][vc_column][vc_wp_custommenu title=\u00bbOtras aplicaciones:\u00bb nav_menu=\u00bb5&#8243; el_class=\u00bbotras_aplicaciones_menu\u00bb][\/vc_column][\/vc_row]<\/p>","protected":false},"excerpt":{"rendered":"<p>[vc_row king_id=\u00bbproduct-child\u00bb][vc_column][\/vc_column][\/vc_row][vc_row][vc_column width=\u00bb1\/2&#8243;][vc_column_text] El sabor de las golosinas es su raz\u00f3n de ser, ofrecemos los saborizantes para diferenciar estos productos y permitir ofrecer productos de elite para satisfacer a los usuarios de todas las edades Los recomendamos para: \u00b7 Chocolates \u00b7 Rellenos grasos o frutales, fondants \u00b7 Ba\u00f1os de reposter\u00eda \u00b7 Caramelos duros y blandos, [&hellip;]<\/p>\n","protected":false},"author":1,"featured_media":0,"parent":20,"menu_order":0,"comment_status":"closed","ping_status":"closed","template":"","meta":{"footnotes":""},"class_list":["post-518","page","type-page","status-publish","hentry"],"_links":{"self":[{"href":"https:\/\/novarom.com.ar\/es\/wp-json\/wp\/v2\/pages\/518","targetHints":{"allow":["GET"]}}],"collection":[{"href":"https:\/\/novarom.com.ar\/es\/wp-json\/wp\/v2\/pages"}],"about":[{"href":"https:\/\/novarom.com.ar\/es\/wp-json\/wp\/v2\/types\/page"}],"author":[{"embeddable":true,"href":"https:\/\/novarom.com.ar\/es\/wp-json\/wp\/v2\/users\/1"}],"replies":[{"embeddable":true,"href":"https:\/\/novarom.com.ar\/es\/wp-json\/wp\/v2\/comments?post=518"}],"version-history":[{"count":9,"href":"https:\/\/novarom.com.ar\/es\/wp-json\/wp\/v2\/pages\/518\/revisions"}],"predecessor-version":[{"id":845,"href":"https:\/\/novarom.com.ar\/es\/wp-json\/wp\/v2\/pages\/518\/revisions\/845"}],"up":[{"embeddable":true,"href":"https:\/\/novarom.com.ar\/es\/wp-json\/wp\/v2\/pages\/20"}],"wp:attachment":[{"href":"https:\/\/novarom.com.ar\/es\/wp-json\/wp\/v2\/media?parent=518"}],"curies":[{"name":"wp","href":"https:\/\/api.w.org\/{rel}","templated":true}]}}