{"id":521,"date":"2017-05-29T13:52:40","date_gmt":"2017-05-29T16:52:40","guid":{"rendered":"https:\/\/novarom.com.ar\/?page_id=521"},"modified":"2017-06-21T15:31:53","modified_gmt":"2017-06-21T18:31:53","slug":"dairy","status":"publish","type":"page","link":"https:\/\/novarom.com.ar\/es\/products\/dairy\/","title":{"rendered":"L\u00e1cteos"},"content":{"rendered":"<p>[vc_row king_id=\u00bbproduct-child\u00bb][vc_column]<div class=\"clearfix margin_top7\"><\/div>[\/vc_column][\/vc_row][vc_row][vc_column width=\u00bb1\/2&#8243;]<h2 class=\"title21 title-products\">L\u00e1cteos<\/h2>[vc_column_text]<\/p>\n<p class=\"p1\"><span class=\"s1\">Consumir un yoghurt, un milk shake, una leche cultivada, un helado o un postre l\u00e1cteo es un placer, los sabores de estos productos deben acompa\u00f1ar a los de las bases para potenciarlo a\u00fan m\u00e1s.<\/span><\/p>\n<p class=\"p1\"><span class=\"s1\">Sabores definidos, reales, naturales, impactantes e intensos mejoran la percepci\u00f3n del producto y llaman a seguir consumi\u00e9ndolo. Con ese fin trabajamos en Novarom con nuestros clientes.<\/span><\/p>\n<p class=\"p1\"><span class=\"s1\">Pero ah\u00ed no termina nuestro trabajo, los procesos de tratamiento t\u00e9rmico, la evoluci\u00f3n de los productos cultivados por la acci\u00f3n biol\u00f3gica de los cultivos y el fr\u00edo hacen que el saborizante requiera una estabilidad especial, tecnolog\u00eda aplicada en el sabor para que resista y compense estos procesos, eso se logra mediante tecnolog\u00eda de base en su dise\u00f1o y es el cimiento para que la parte perceptible mantenga su estabilidad y su car\u00e1cter deseable.<\/span><\/p>\n<p class=\"p1\"><span class=\"s1\">\u00b7 Yoghurt y leches cultivadas.<\/span><\/p>\n<p class=\"p1\"><span class=\"s1\">\u00b7 Helados, de agua o crema, helados soft y postres.<\/span><\/p>\n<p class=\"p1\"><span class=\"s1\">\u00b7 Sabores para preparados o bases para helader\u00edas.<\/span><\/p>\n<p class=\"p1\"><span class=\"s1\">\u00b7 Postres.<\/span><\/p>\n<p class=\"p1\"><span class=\"s1\">\u00b7 Manteca.<\/span><\/p>\n<p class=\"p1\"><span class=\"s1\">Los sabores para quesos fundidos, de rallar y para untar usados para resaltar o modificar sus caracter\u00edsticas son otros de los grandes productos de Novarom.<\/span><\/p>\n<p>[\/vc_column_text][\/vc_column][vc_column width=\u00bb1\/2&#8243;][vc_single_image image=\u00bb699&#8243; img_size=\u00bbfull\u00bb alignment=\u00bbright\u00bb el_class=\u00bbimagen-productos\u00bb css=\u00bb.vc_custom_1497280601454{padding-left: 80px !important;}\u00bb][\/vc_column][\/vc_row][vc_row king_class=\u00bbfeatured_section11 animated eff-fadeIn delay-200ms noticias-relacionadas\u00bb][vc_column]<div class=\"clearfix margin_top12\"><\/div><h4 class=\"title21\">Noticias relacionadas<\/h4>\t\t\r\n\t\t\t<div class=\"one_third  animated eff-fadeInUp delay-100ms\">\r\n\t\t\t\t<a class=\"king-post-thumbnail\" href=\"https:\/\/novarom.com.ar\/es\/2017\/04\/17\/saborizantes-de-reaccion\/\">\r\n\t\t\t\t<img decoding=\"async\" src=\"https:\/\/novarom.com.ar\/wp-content\/uploads\/2017\/04\/Untitled-1-359x220.jpg\" alt=\"\" class=\"rimg\" \/>\t\t\t\t<\/a>\r\n\t\t        <span class=\"bdate\"><a href=\"https:\/\/novarom.com.ar\/es\/2017\/04\/17\/saborizantes-de-reaccion\/\">abr <strong>17<\/strong> 2017<\/a><\/span>\r\n\t\t\t    <h4 title=\"Saborizantes de reacci\u00f3n\">\r\n\t\t\t    \t<a href=\"https:\/\/novarom.com.ar\/es\/2017\/04\/17\/saborizantes-de-reaccion\/\">\r\n\t\t\t    \t\tSaborizantes de reacci\u00f3n\t\t\t    \t<\/a> \t\r\n\t\t\t    <\/h4>\r\n\t\t\t\t<p>Excelentes sabores que se obtienen reflejando la naturaleza. Sabor natural a carne&hellip;<\/p>\r\n\t    \t\t<a href=\"https:\/\/novarom.com.ar\/es\/2017\/04\/17\/saborizantes-de-reaccion\/\" class=\"button two\">\r\n\r\n\t    \t\t\tVer m\u00e1s\t    \t\t\t\t    \t\t<\/a>\r\n\t\t        \r\n\t\t    <\/div>\r\n\t\t<div class=\"clearfix margin_top6\"><\/div>[\/vc_column][\/vc_row][vc_row][vc_column][vc_wp_custommenu title=\u00bbOtras aplicaciones:\u00bb nav_menu=\u00bb5&#8243; el_class=\u00bbotras_aplicaciones_menu\u00bb][\/vc_column][\/vc_row]<\/p>","protected":false},"excerpt":{"rendered":"<p>[vc_row king_id=\u00bbproduct-child\u00bb][vc_column][\/vc_column][\/vc_row][vc_row][vc_column width=\u00bb1\/2&#8243;][vc_column_text] Consumir un yoghurt, un milk shake, una leche cultivada, un helado o un postre l\u00e1cteo es un placer, los sabores de estos productos deben acompa\u00f1ar a los de las bases para potenciarlo a\u00fan m\u00e1s. Sabores definidos, reales, naturales, impactantes e intensos mejoran la percepci\u00f3n del producto y llaman a seguir consumi\u00e9ndolo. Con [&hellip;]<\/p>\n","protected":false},"author":1,"featured_media":0,"parent":20,"menu_order":0,"comment_status":"closed","ping_status":"closed","template":"","meta":{"footnotes":""},"class_list":["post-521","page","type-page","status-publish","hentry"],"_links":{"self":[{"href":"https:\/\/novarom.com.ar\/es\/wp-json\/wp\/v2\/pages\/521","targetHints":{"allow":["GET"]}}],"collection":[{"href":"https:\/\/novarom.com.ar\/es\/wp-json\/wp\/v2\/pages"}],"about":[{"href":"https:\/\/novarom.com.ar\/es\/wp-json\/wp\/v2\/types\/page"}],"author":[{"embeddable":true,"href":"https:\/\/novarom.com.ar\/es\/wp-json\/wp\/v2\/users\/1"}],"replies":[{"embeddable":true,"href":"https:\/\/novarom.com.ar\/es\/wp-json\/wp\/v2\/comments?post=521"}],"version-history":[{"count":7,"href":"https:\/\/novarom.com.ar\/es\/wp-json\/wp\/v2\/pages\/521\/revisions"}],"predecessor-version":[{"id":847,"href":"https:\/\/novarom.com.ar\/es\/wp-json\/wp\/v2\/pages\/521\/revisions\/847"}],"up":[{"embeddable":true,"href":"https:\/\/novarom.com.ar\/es\/wp-json\/wp\/v2\/pages\/20"}],"wp:attachment":[{"href":"https:\/\/novarom.com.ar\/es\/wp-json\/wp\/v2\/media?parent=521"}],"curies":[{"name":"wp","href":"https:\/\/api.w.org\/{rel}","templated":true}]}}