{"id":522,"date":"2017-05-29T13:52:41","date_gmt":"2017-05-29T16:52:41","guid":{"rendered":"https:\/\/novarom.com.ar\/?page_id=522"},"modified":"2017-06-21T15:33:38","modified_gmt":"2017-06-21T18:33:38","slug":"snacks","status":"publish","type":"page","link":"https:\/\/novarom.com.ar\/es\/products\/snacks\/","title":{"rendered":"Snacks"},"content":{"rendered":"<p>[vc_row king_id=\u00bbproduct-child\u00bb][vc_column]<div class=\"clearfix margin_top7\"><\/div>[\/vc_column][\/vc_row][vc_row][vc_column width=\u00bb1\/2&#8243;]<h2 class=\"title21 title-products\">Snacks<\/h2>[vc_column_text]<\/p>\n<p class=\"p1\"><span class=\"s1\">Los productos para copet\u00edn, tambi\u00e9n llamados entremeses, tentempi\u00e9, botanas o snacks, son conocidos como \u201cla cuarta comida\u201d, y su volumen de ventas aumenta continuamente a nivel mundial. El crecimiento explosivo de este producto se relaciona con la innovaci\u00f3n: nuevos sabores, nuevos materiales y nuevas presentaciones que responden a las cambiantes preferencias de los\u00a0<\/span><span class=\"s1\">consumidores.<\/span><\/p>\n<p class=\"p1\"><span class=\"s1\">En Novarom asistimos a nuestros clientes con informaci\u00f3n sobre tendencias y productos adecuados para cada tipo de proceso.<\/span><\/p>\n<p class=\"p1\"><span class=\"s1\"><b>Para productos obtenidos por extrusi\u00f3n de harinas, ofrecemos:<\/b><\/span><\/p>\n<p class=\"p1\"><span class=\"s1\">Sabores queso naturales de diferentes variedades en forma de polvo, diversos sabores salados, tambi\u00e9n en polvo como cebolla, jam\u00f3n, pizza y provenzal combinados con vegetales deshidratados y exaltadores de sabor y saborizantes l\u00edquidos, solubles en aceite que se usan para reforzar y complementar el aroma.<\/span><\/p>\n<p class=\"p1\"><span class=\"s1\"><b>Productos Fritos<\/b><\/span><\/p>\n<p class=\"p1\"><span class=\"s1\">Se usan sabores en polvo, combinados con colorantes naturales y en algunos casos adicionados de vegetales deshidratados para otorgar presencia.<\/span><\/p>\n<p class=\"p1\"><span class=\"s1\"><b>Los m\u00e1s usados son:<\/b><\/span><\/p>\n<p class=\"p1\"><span class=\"s1\">Para papas: cebolla y crema \u00e1cida (Sour cream &amp; onion), barbacoa, provenzal, pizza y ketchup.<\/span><\/p>\n<p class=\"p1\"><span class=\"s1\">Para palitos y extrudados expandibles queso, jam\u00f3n, y panceta.<\/span><\/p>\n<p class=\"p1\"><span class=\"s1\"><b>Snacks Horneados<\/b><\/span><\/p>\n<p class=\"p1\"><span class=\"s1\">Se utilizan productos similares a los fritos, que pueden combinarse con sabores l\u00edquidos resistentes a altas temperaturas que se aplican en la masa, previo al horneado.<\/span><\/p>\n<p>[\/vc_column_text][\/vc_column][vc_column width=\u00bb1\/2&#8243;][vc_single_image image=\u00bb705&#8243; img_size=\u00bbfull\u00bb alignment=\u00bbright\u00bb el_class=\u00bbimagen-productos\u00bb css=\u00bb.vc_custom_1497285507504{padding-left: 80px !important;}\u00bb][\/vc_column][\/vc_row][vc_row king_class=\u00bbfeatured_section11 animated eff-fadeIn delay-200ms noticias-relacionadas\u00bb][vc_column]<div class=\"clearfix margin_top12\"><\/div><h4 class=\"title21\">Noticias relacionadas<\/h4><h4>Publicaciones no encontradas<\/h4><div class=\"clearfix margin_top6\"><\/div>[\/vc_column][\/vc_row][vc_row][vc_column][vc_wp_custommenu title=\u00bbOtras aplicaciones:\u00bb nav_menu=\u00bb5&#8243; el_class=\u00bbotras_aplicaciones_menu\u00bb][\/vc_column][\/vc_row]<\/p>","protected":false},"excerpt":{"rendered":"<p>[vc_row king_id=\u00bbproduct-child\u00bb][vc_column][\/vc_column][\/vc_row][vc_row][vc_column width=\u00bb1\/2&#8243;][vc_column_text] Los productos para copet\u00edn, tambi\u00e9n llamados entremeses, tentempi\u00e9, botanas o snacks, son conocidos como \u201cla cuarta comida\u201d, y su volumen de ventas aumenta continuamente a nivel mundial. El crecimiento explosivo de este producto se relaciona con la innovaci\u00f3n: nuevos sabores, nuevos materiales y nuevas presentaciones que responden a las cambiantes preferencias de [&hellip;]<\/p>\n","protected":false},"author":1,"featured_media":0,"parent":20,"menu_order":0,"comment_status":"closed","ping_status":"closed","template":"","meta":{"footnotes":""},"class_list":["post-522","page","type-page","status-publish","hentry"],"_links":{"self":[{"href":"https:\/\/novarom.com.ar\/es\/wp-json\/wp\/v2\/pages\/522","targetHints":{"allow":["GET"]}}],"collection":[{"href":"https:\/\/novarom.com.ar\/es\/wp-json\/wp\/v2\/pages"}],"about":[{"href":"https:\/\/novarom.com.ar\/es\/wp-json\/wp\/v2\/types\/page"}],"author":[{"embeddable":true,"href":"https:\/\/novarom.com.ar\/es\/wp-json\/wp\/v2\/users\/1"}],"replies":[{"embeddable":true,"href":"https:\/\/novarom.com.ar\/es\/wp-json\/wp\/v2\/comments?post=522"}],"version-history":[{"count":7,"href":"https:\/\/novarom.com.ar\/es\/wp-json\/wp\/v2\/pages\/522\/revisions"}],"predecessor-version":[{"id":848,"href":"https:\/\/novarom.com.ar\/es\/wp-json\/wp\/v2\/pages\/522\/revisions\/848"}],"up":[{"embeddable":true,"href":"https:\/\/novarom.com.ar\/es\/wp-json\/wp\/v2\/pages\/20"}],"wp:attachment":[{"href":"https:\/\/novarom.com.ar\/es\/wp-json\/wp\/v2\/media?parent=522"}],"curies":[{"name":"wp","href":"https:\/\/api.w.org\/{rel}","templated":true}]}}