{"id":523,"date":"2017-05-29T13:52:42","date_gmt":"2017-05-29T16:52:42","guid":{"rendered":"https:\/\/novarom.com.ar\/?page_id=523"},"modified":"2017-06-21T15:34:32","modified_gmt":"2017-06-21T18:34:32","slug":"meat-industries","status":"publish","type":"page","link":"https:\/\/novarom.com.ar\/es\/products\/meat-industries\/","title":{"rendered":"Industrias C\u00e1rnicas"},"content":{"rendered":"<p>[vc_row king_id=\u00bbproduct-child\u00bb][vc_column]<div class=\"clearfix margin_top7\"><\/div>[\/vc_column][\/vc_row][vc_row][vc_column width=\u00bb1\/2&#8243;]<h2 class=\"title21 title-products\">Industrias C\u00e1rnicas<\/h2>[vc_column_text]<\/p>\n<p class=\"p1\"><span class=\"s1\">La promesa de satisfacci\u00f3n de un chacinado viene con el aroma, y su confirmaci\u00f3n con el sabor, y ambos se logran con nuestros saborizantes. <\/span><\/p>\n<p class=\"p1\"><span class=\"s1\">Jamoner\u00eda, chacinados embutidos y no embutidos, frescos y cocidos, hamburguesas y elaboraciones de pollo y pescado y en general todo tipo de cecinas dependen del sabor para atraer al consumidor y ganarse el merecido nombre de \u201cdelicatessen\u201d que reciben en algunos sitios. <\/span><\/p>\n<p class=\"p1\"><span class=\"s1\">Con ese fin, ofrecemos para estas industrias: Oleorresinas, combinaciones de oleorresinas, aromas de reacci\u00f3n, precursores, humos exaltadores y composiciones, complementando y realzando los sabores y aromas propios de los productos. Permitiendo homogeneizar las caracter\u00edsticas s\u00e1pido-arom\u00e1ticas de productos elaborados con materia prima de diferentes or\u00edgenes o caracter\u00edsticas. <\/span><\/p>\n<p class=\"p1\"><span class=\"s1\">Ofrecemos, adem\u00e1s, experto asesoramiento sobre formulaciones de productos, an\u00e1lisis de costos de formulaciones en uso y optimizaci\u00f3n de los mismos, optimizaci\u00f3n de lay-outs e implementaci\u00f3n de control de procesos<\/span><\/p>\n<p>[\/vc_column_text][\/vc_column][vc_column width=\u00bb1\/2&#8243;][vc_single_image image=\u00bb697&#8243; img_size=\u00bbfull\u00bb alignment=\u00bbright\u00bb el_class=\u00bbimagen-productos\u00bb css=\u00bb.vc_custom_1497280411939{padding-left: 80px !important;}\u00bb][\/vc_column][\/vc_row][vc_row king_class=\u00bbfeatured_section11 animated eff-fadeIn delay-200ms noticias-relacionadas\u00bb][vc_column]<div class=\"clearfix margin_top12\"><\/div><h4 class=\"title21\">Noticias relacionadas<\/h4>\t\t\r\n\t\t\t<div class=\"one_third  animated eff-fadeInUp delay-100ms\">\r\n\t\t\t\t<a class=\"king-post-thumbnail\" href=\"https:\/\/novarom.com.ar\/es\/2017\/04\/17\/sabores-para-productos-carnicos\/\">\r\n\t\t\t\t<img decoding=\"async\" src=\"https:\/\/novarom.com.ar\/wp-content\/uploads\/2017\/04\/5-359x220.jpg\" alt=\"\" class=\"rimg\" \/>\t\t\t\t<\/a>\r\n\t\t        <span class=\"bdate\"><a href=\"https:\/\/novarom.com.ar\/es\/2017\/04\/17\/sabores-para-productos-carnicos\/\">abr <strong>17<\/strong> 2017<\/a><\/span>\r\n\t\t\t    <h4 title=\"Sabores para productos c\u00e1rnicos\">\r\n\t\t\t    \t<a href=\"https:\/\/novarom.com.ar\/es\/2017\/04\/17\/sabores-para-productos-carnicos\/\">\r\n\t\t\t    \t\tSabores para productos&hellip;\t\t\t    \t<\/a> \t\r\n\t\t\t    <\/h4>\r\n\t\t\t\t<p>Una manera natural de mejorar el sabor de todo tipo de productos&hellip;<\/p>\r\n\t    \t\t<a href=\"https:\/\/novarom.com.ar\/es\/2017\/04\/17\/sabores-para-productos-carnicos\/\" class=\"button two\">\r\n\r\n\t    \t\t\tVer m\u00e1s\t    \t\t\t\t    \t\t<\/a>\r\n\t\t        \r\n\t\t    <\/div>\r\n\t\t\t\t\r\n\t\t\t<div class=\"one_third  animated eff-fadeInUp delay-200ms\">\r\n\t\t\t\t<a class=\"king-post-thumbnail\" href=\"https:\/\/novarom.com.ar\/es\/2017\/04\/17\/oleorresinas-de-especias-y-hierbas\/\">\r\n\t\t\t\t<img decoding=\"async\" src=\"https:\/\/novarom.com.ar\/wp-content\/uploads\/2017\/04\/4-359x220.jpg\" alt=\"\" class=\"rimg\" \/>\t\t\t\t<\/a>\r\n\t\t        <span class=\"bdate\"><a href=\"https:\/\/novarom.com.ar\/es\/2017\/04\/17\/oleorresinas-de-especias-y-hierbas\/\">abr <strong>17<\/strong> 2017<\/a><\/span>\r\n\t\t\t    <h4 title=\"Oleorresinas de especias y hierbas\">\r\n\t\t\t    \t<a href=\"https:\/\/novarom.com.ar\/es\/2017\/04\/17\/oleorresinas-de-especias-y-hierbas\/\">\r\n\t\t\t    \t\tOleorresinas de especias&hellip;\t\t\t    \t<\/a> \t\r\n\t\t\t    <\/h4>\r\n\t\t\t\t<p>La mejor manera de saborizar productos c\u00e1rnicos. Las oleorresinas Novarom son extractos&hellip;<\/p>\r\n\t    \t\t<a href=\"https:\/\/novarom.com.ar\/es\/2017\/04\/17\/oleorresinas-de-especias-y-hierbas\/\" class=\"button two\">\r\n\r\n\t    \t\t\tVer m\u00e1s\t    \t\t\t\t    \t\t<\/a>\r\n\t\t        \r\n\t\t    <\/div>\r\n\t\t\t\t\r\n\t\t\t<div class=\"one_third last animated eff-fadeInUp delay-300ms\">\r\n\t\t\t\t<a class=\"king-post-thumbnail\" href=\"https:\/\/novarom.com.ar\/es\/2017\/04\/17\/saborizantes-de-reaccion\/\">\r\n\t\t\t\t<img decoding=\"async\" src=\"https:\/\/novarom.com.ar\/wp-content\/uploads\/2017\/04\/Untitled-1-359x220.jpg\" alt=\"\" class=\"rimg\" \/>\t\t\t\t<\/a>\r\n\t\t        <span class=\"bdate\"><a href=\"https:\/\/novarom.com.ar\/es\/2017\/04\/17\/saborizantes-de-reaccion\/\">abr <strong>17<\/strong> 2017<\/a><\/span>\r\n\t\t\t    <h4 title=\"Saborizantes de reacci\u00f3n\">\r\n\t\t\t    \t<a href=\"https:\/\/novarom.com.ar\/es\/2017\/04\/17\/saborizantes-de-reaccion\/\">\r\n\t\t\t    \t\tSaborizantes de reacci\u00f3n\t\t\t    \t<\/a> \t\r\n\t\t\t    <\/h4>\r\n\t\t\t\t<p>Excelentes sabores que se obtienen reflejando la naturaleza. Sabor natural a carne&hellip;<\/p>\r\n\t    \t\t<a href=\"https:\/\/novarom.com.ar\/es\/2017\/04\/17\/saborizantes-de-reaccion\/\" class=\"button two\">\r\n\r\n\t    \t\t\tVer m\u00e1s\t    \t\t\t\t    \t\t<\/a>\r\n\t\t        \r\n\t\t    <\/div>\r\n\t\t<div class=\"clearfix margin_top6\"><\/div>[\/vc_column][\/vc_row][vc_row][vc_column][vc_wp_custommenu title=\u00bbOtras aplicaciones:\u00bb nav_menu=\u00bb5&#8243; el_class=\u00bbotras_aplicaciones_menu\u00bb][\/vc_column][\/vc_row]<\/p>","protected":false},"excerpt":{"rendered":"<p>[vc_row king_id=\u00bbproduct-child\u00bb][vc_column][\/vc_column][\/vc_row][vc_row][vc_column width=\u00bb1\/2&#8243;][vc_column_text] La promesa de satisfacci\u00f3n de un chacinado viene con el aroma, y su confirmaci\u00f3n con el sabor, y ambos se logran con nuestros saborizantes. Jamoner\u00eda, chacinados embutidos y no embutidos, frescos y cocidos, hamburguesas y elaboraciones de pollo y pescado y en general todo tipo de cecinas dependen del sabor para atraer [&hellip;]<\/p>\n","protected":false},"author":1,"featured_media":0,"parent":20,"menu_order":0,"comment_status":"closed","ping_status":"closed","template":"","meta":{"footnotes":""},"class_list":["post-523","page","type-page","status-publish","hentry"],"_links":{"self":[{"href":"https:\/\/novarom.com.ar\/es\/wp-json\/wp\/v2\/pages\/523","targetHints":{"allow":["GET"]}}],"collection":[{"href":"https:\/\/novarom.com.ar\/es\/wp-json\/wp\/v2\/pages"}],"about":[{"href":"https:\/\/novarom.com.ar\/es\/wp-json\/wp\/v2\/types\/page"}],"author":[{"embeddable":true,"href":"https:\/\/novarom.com.ar\/es\/wp-json\/wp\/v2\/users\/1"}],"replies":[{"embeddable":true,"href":"https:\/\/novarom.com.ar\/es\/wp-json\/wp\/v2\/comments?post=523"}],"version-history":[{"count":7,"href":"https:\/\/novarom.com.ar\/es\/wp-json\/wp\/v2\/pages\/523\/revisions"}],"predecessor-version":[{"id":849,"href":"https:\/\/novarom.com.ar\/es\/wp-json\/wp\/v2\/pages\/523\/revisions\/849"}],"up":[{"embeddable":true,"href":"https:\/\/novarom.com.ar\/es\/wp-json\/wp\/v2\/pages\/20"}],"wp:attachment":[{"href":"https:\/\/novarom.com.ar\/es\/wp-json\/wp\/v2\/media?parent=523"}],"curies":[{"name":"wp","href":"https:\/\/api.w.org\/{rel}","templated":true}]}}