{"id":525,"date":"2017-05-29T13:52:43","date_gmt":"2017-05-29T16:52:43","guid":{"rendered":"https:\/\/novarom.com.ar\/?page_id=525"},"modified":"2017-06-21T15:35:43","modified_gmt":"2017-06-21T18:35:43","slug":"meals","status":"publish","type":"page","link":"https:\/\/novarom.com.ar\/es\/products\/meals\/","title":{"rendered":"Comidas"},"content":{"rendered":"<p>[vc_row king_id=\u00bbproduct-child\u00bb][vc_column]<div class=\"clearfix margin_top7\"><\/div>[\/vc_column][\/vc_row][vc_row][vc_column width=\u00bb1\/2&#8243;]<h2 class=\"title21 title-products\">Comidas<\/h2>[vc_column_text]<\/p>\n<p class=\"p1\"><span class=\"s1\">La evoluci\u00f3n de los alimentos preparados tiene un camino claro: no solamente su comodidad y practicidad sino cumplir el desaf\u00edo de ofrecer un sabor comparable a productos caseros o gourmet, y para eso trabajamos en Novarom.<\/span><\/p>\n<p class=\"p1\"><span class=\"s1\">Sutiles y espec\u00edficos sabores pollo, carne y productos del mar, vegetales de caracter\u00edsticas frescas y naturales y en general todos los sabores que pueden resaltar la calidad de alimentos como caldos y sopas, salsas, rellenos para pastas, comidas preparadas y Aderezos [salad dressings] entre otros.<\/span><\/p>\n<p>[\/vc_column_text][\/vc_column][vc_column width=\u00bb1\/2&#8243;][vc_single_image image=\u00bb684&#8243; img_size=\u00bbfull\u00bb alignment=\u00bbright\u00bb el_class=\u00bbimagen-productos\u00bb css=\u00bb.vc_custom_1497278915805{padding-left: 80px !important;}\u00bb][\/vc_column][\/vc_row][vc_row king_class=\u00bbfeatured_section11 animated eff-fadeIn delay-200ms noticias-relacionadas\u00bb][vc_column]<div class=\"clearfix margin_top12\"><\/div><h4 class=\"title21\">Noticias relacionadas<\/h4>\t\t\r\n\t\t\t<div class=\"one_third  animated eff-fadeInUp delay-100ms\">\r\n\t\t\t\t<a class=\"king-post-thumbnail\" href=\"https:\/\/novarom.com.ar\/es\/2017\/04\/17\/saborizantes-de-reaccion\/\">\r\n\t\t\t\t<img decoding=\"async\" src=\"https:\/\/novarom.com.ar\/wp-content\/uploads\/2017\/04\/Untitled-1-359x220.jpg\" alt=\"\" class=\"rimg\" \/>\t\t\t\t<\/a>\r\n\t\t        <span class=\"bdate\"><a href=\"https:\/\/novarom.com.ar\/es\/2017\/04\/17\/saborizantes-de-reaccion\/\">abr <strong>17<\/strong> 2017<\/a><\/span>\r\n\t\t\t    <h4 title=\"Saborizantes de reacci\u00f3n\">\r\n\t\t\t    \t<a href=\"https:\/\/novarom.com.ar\/es\/2017\/04\/17\/saborizantes-de-reaccion\/\">\r\n\t\t\t    \t\tSaborizantes de reacci\u00f3n\t\t\t    \t<\/a> \t\r\n\t\t\t    <\/h4>\r\n\t\t\t\t<p>Excelentes sabores que se obtienen reflejando la naturaleza. Sabor natural a carne&hellip;<\/p>\r\n\t    \t\t<a href=\"https:\/\/novarom.com.ar\/es\/2017\/04\/17\/saborizantes-de-reaccion\/\" class=\"button two\">\r\n\r\n\t    \t\t\tVer m\u00e1s\t    \t\t\t\t    \t\t<\/a>\r\n\t\t        \r\n\t\t    <\/div>\r\n\t\t\t\t\r\n\t\t\t<div class=\"one_third  animated eff-fadeInUp delay-200ms\">\r\n\t\t\t\t<a class=\"king-post-thumbnail\" href=\"https:\/\/novarom.com.ar\/es\/2017\/04\/17\/oleorresinas-de-especias-y-hierbas\/\">\r\n\t\t\t\t<img decoding=\"async\" src=\"https:\/\/novarom.com.ar\/wp-content\/uploads\/2017\/04\/4-359x220.jpg\" alt=\"\" class=\"rimg\" \/>\t\t\t\t<\/a>\r\n\t\t        <span class=\"bdate\"><a href=\"https:\/\/novarom.com.ar\/es\/2017\/04\/17\/oleorresinas-de-especias-y-hierbas\/\">abr <strong>17<\/strong> 2017<\/a><\/span>\r\n\t\t\t    <h4 title=\"Oleorresinas de especias y hierbas\">\r\n\t\t\t    \t<a href=\"https:\/\/novarom.com.ar\/es\/2017\/04\/17\/oleorresinas-de-especias-y-hierbas\/\">\r\n\t\t\t    \t\tOleorresinas de especias&hellip;\t\t\t    \t<\/a> \t\r\n\t\t\t    <\/h4>\r\n\t\t\t\t<p>La mejor manera de saborizar productos c\u00e1rnicos. Las oleorresinas Novarom son extractos&hellip;<\/p>\r\n\t    \t\t<a href=\"https:\/\/novarom.com.ar\/es\/2017\/04\/17\/oleorresinas-de-especias-y-hierbas\/\" class=\"button two\">\r\n\r\n\t    \t\t\tVer m\u00e1s\t    \t\t\t\t    \t\t<\/a>\r\n\t\t        \r\n\t\t    <\/div>\r\n\t\t<div class=\"clearfix margin_top6\"><\/div>[\/vc_column][\/vc_row][vc_row][vc_column][vc_wp_custommenu title=\u00bbOtras aplicaciones:\u00bb nav_menu=\u00bb5&#8243; el_class=\u00bbotras_aplicaciones_menu\u00bb][\/vc_column][\/vc_row]<\/p>","protected":false},"excerpt":{"rendered":"<p>[vc_row king_id=\u00bbproduct-child\u00bb][vc_column][\/vc_column][\/vc_row][vc_row][vc_column width=\u00bb1\/2&#8243;][vc_column_text] La evoluci\u00f3n de los alimentos preparados tiene un camino claro: no solamente su comodidad y practicidad sino cumplir el desaf\u00edo de ofrecer un sabor comparable a productos caseros o gourmet, y para eso trabajamos en Novarom. Sutiles y espec\u00edficos sabores pollo, carne y productos del mar, vegetales de caracter\u00edsticas frescas y naturales [&hellip;]<\/p>\n","protected":false},"author":1,"featured_media":0,"parent":20,"menu_order":0,"comment_status":"closed","ping_status":"closed","template":"","meta":{"footnotes":""},"class_list":["post-525","page","type-page","status-publish","hentry"],"_links":{"self":[{"href":"https:\/\/novarom.com.ar\/es\/wp-json\/wp\/v2\/pages\/525","targetHints":{"allow":["GET"]}}],"collection":[{"href":"https:\/\/novarom.com.ar\/es\/wp-json\/wp\/v2\/pages"}],"about":[{"href":"https:\/\/novarom.com.ar\/es\/wp-json\/wp\/v2\/types\/page"}],"author":[{"embeddable":true,"href":"https:\/\/novarom.com.ar\/es\/wp-json\/wp\/v2\/users\/1"}],"replies":[{"embeddable":true,"href":"https:\/\/novarom.com.ar\/es\/wp-json\/wp\/v2\/comments?post=525"}],"version-history":[{"count":6,"href":"https:\/\/novarom.com.ar\/es\/wp-json\/wp\/v2\/pages\/525\/revisions"}],"predecessor-version":[{"id":850,"href":"https:\/\/novarom.com.ar\/es\/wp-json\/wp\/v2\/pages\/525\/revisions\/850"}],"up":[{"embeddable":true,"href":"https:\/\/novarom.com.ar\/es\/wp-json\/wp\/v2\/pages\/20"}],"wp:attachment":[{"href":"https:\/\/novarom.com.ar\/es\/wp-json\/wp\/v2\/media?parent=525"}],"curies":[{"name":"wp","href":"https:\/\/api.w.org\/{rel}","templated":true}]}}