{"id":528,"date":"2017-05-29T13:52:46","date_gmt":"2017-05-29T16:52:46","guid":{"rendered":"https:\/\/novarom.com.ar\/?page_id=528"},"modified":"2017-06-21T15:41:44","modified_gmt":"2017-06-21T18:41:44","slug":"balanced-feed","status":"publish","type":"page","link":"https:\/\/novarom.com.ar\/es\/products\/balanced-feed\/","title":{"rendered":"Alimento balanceado"},"content":{"rendered":"<p>[vc_row king_id=\u00bbproduct-child\u00bb][vc_column]<div class=\"clearfix margin_top7\"><\/div>[\/vc_column][\/vc_row][vc_row][vc_column width=\u00bb1\/2&#8243;]<h2 class=\"title21 title-products\">Alimento balanceado<\/h2>[vc_column_text]<\/p>\n<p class=\"p1\"><span class=\"s1\">Los saborizantes optimizan la ingesta del animal mediante est\u00edmulos olfativos y gustativos. <\/span><\/p>\n<p class=\"p1\"><span class=\"s1\">Ya sea para engorde de grandes animales como para destete temprano de las cr\u00edas, los saborizantes son parte, al aumentar la ingesta, de una ecuaci\u00f3n econ\u00f3mica que beneficia al productor. <\/span><\/p>\n<p class=\"p1\"><span class=\"s1\">Por otra parte, en el hogar, los saborizantes inducen a las mascotas a comer los alimentos que m\u00e1s beneficios nutricionales les producen, adem\u00e1s de transmitirles el placer de disfrutar un alimento atractivo.<\/span><\/p>\n<p class=\"p1\"><span class=\"s1\">En Novarom trabajamos constantemente para desarrollar saborizantes que resulten preferidos para cada tipo de animal.<\/span><\/p>\n<p>[\/vc_column_text][\/vc_column][vc_column width=\u00bb1\/2&#8243;][vc_single_image image=\u00bb682&#8243; img_size=\u00bbfull\u00bb alignment=\u00bbright\u00bb el_class=\u00bbimagen-productos\u00bb css=\u00bb.vc_custom_1497278714381{padding-left: 80px !important;}\u00bb][\/vc_column][\/vc_row][vc_row king_class=\u00bbfeatured_section11 animated eff-fadeIn delay-200ms noticias-relacionadas\u00bb][vc_column]<div class=\"clearfix margin_top12\"><\/div><h4 class=\"title21\">Noticias relacionadas<\/h4><h4>Publicaciones no encontradas<\/h4><div class=\"clearfix margin_top6\"><\/div>[\/vc_column][\/vc_row][vc_row][vc_column][vc_wp_custommenu title=\u00bbOtras aplicaciones:\u00bb nav_menu=\u00bb5&#8243; el_class=\u00bbotras_aplicaciones_menu\u00bb][\/vc_column][\/vc_row]<\/p>","protected":false},"excerpt":{"rendered":"<p>[vc_row king_id=\u00bbproduct-child\u00bb][vc_column][\/vc_column][\/vc_row][vc_row][vc_column width=\u00bb1\/2&#8243;][vc_column_text] Los saborizantes optimizan la ingesta del animal mediante est\u00edmulos olfativos y gustativos. Ya sea para engorde de grandes animales como para destete temprano de las cr\u00edas, los saborizantes son parte, al aumentar la ingesta, de una ecuaci\u00f3n econ\u00f3mica que beneficia al productor. Por otra parte, en el hogar, los saborizantes inducen a [&hellip;]<\/p>\n","protected":false},"author":1,"featured_media":0,"parent":20,"menu_order":0,"comment_status":"closed","ping_status":"closed","template":"","meta":{"footnotes":""},"class_list":["post-528","page","type-page","status-publish","hentry"],"_links":{"self":[{"href":"https:\/\/novarom.com.ar\/es\/wp-json\/wp\/v2\/pages\/528","targetHints":{"allow":["GET"]}}],"collection":[{"href":"https:\/\/novarom.com.ar\/es\/wp-json\/wp\/v2\/pages"}],"about":[{"href":"https:\/\/novarom.com.ar\/es\/wp-json\/wp\/v2\/types\/page"}],"author":[{"embeddable":true,"href":"https:\/\/novarom.com.ar\/es\/wp-json\/wp\/v2\/users\/1"}],"replies":[{"embeddable":true,"href":"https:\/\/novarom.com.ar\/es\/wp-json\/wp\/v2\/comments?post=528"}],"version-history":[{"count":9,"href":"https:\/\/novarom.com.ar\/es\/wp-json\/wp\/v2\/pages\/528\/revisions"}],"predecessor-version":[{"id":853,"href":"https:\/\/novarom.com.ar\/es\/wp-json\/wp\/v2\/pages\/528\/revisions\/853"}],"up":[{"embeddable":true,"href":"https:\/\/novarom.com.ar\/es\/wp-json\/wp\/v2\/pages\/20"}],"wp:attachment":[{"href":"https:\/\/novarom.com.ar\/es\/wp-json\/wp\/v2\/media?parent=528"}],"curies":[{"name":"wp","href":"https:\/\/api.w.org\/{rel}","templated":true}]}}